{"id":5577,"date":"2024-05-29T17:05:58","date_gmt":"2024-05-29T15:05:58","guid":{"rendered":"https:\/\/laperla.ch\/offres\/"},"modified":"2024-07-09T10:43:58","modified_gmt":"2024-07-09T08:43:58","slug":"offres","status":"publish","type":"page","link":"https:\/\/laperla.ch\/fr\/offres\/","title":{"rendered":"Offres"},"content":{"rendered":"\t\t<div data-elementor-type=\"wp-page\" data-elementor-id=\"5577\" class=\"elementor elementor-5577 elementor-166\" data-elementor-post-type=\"page\">\n\t\t\t\t<div class=\"has_eae_slider elementor-element elementor-element-10a64196 e-flex e-con-boxed e-con e-parent\" data-eae-slider=\"35079\" data-id=\"10a64196\" data-element_type=\"container\" data-e-type=\"container\" data-settings=\"{&quot;background_background&quot;:&quot;classic&quot;}\">\n\t\t\t\t\t<div class=\"e-con-inner\">\n\t\t<div class=\"has_eae_slider elementor-element elementor-element-33ca9136 e-flex e-con-boxed e-con e-child\" data-eae-slider=\"54980\" data-id=\"33ca9136\" data-element_type=\"container\" data-e-type=\"container\">\n\t\t\t\t\t<div class=\"e-con-inner\">\n\t\t\t\t<div class=\"elementor-element elementor-element-68714b9 elementor-widget__width-initial elementor-widget elementor-widget-heading\" data-id=\"68714b9\" data-element_type=\"widget\" data-e-type=\"widget\" data-widget_type=\"heading.default\">\n\t\t\t\t<div class=\"elementor-widget-container\">\n\t\t\t\t\t<h1 class=\"elementor-heading-title elementor-size-default\">Offres<\/h1>\t\t\t\t<\/div>\n\t\t\t\t<\/div>\n\t\t<div class=\"has_eae_slider elementor-element elementor-element-6bf76d6 e-con-full elementor-hidden-tablet elementor-hidden-mobile e-flex e-con e-child\" data-eae-slider=\"39135\" data-id=\"6bf76d6\" data-element_type=\"container\" data-e-type=\"container\">\n\t\t\t\t<div class=\"elementor-element elementor-element-e711104 elementor-widget__width-inherit elementor-widget elementor-widget-shortcode\" data-id=\"e711104\" data-element_type=\"widget\" data-e-type=\"widget\" data-widget_type=\"shortcode.default\">\n\t\t\t\t<div class=\"elementor-widget-container\">\n\t\t\t\t\t\t\t<div class=\"elementor-shortcode\"><div class=\"booking-form-container\">\n    <div class=\"site-booking-form\">\n        <a class=\"btn-open-bf\" href=\"#\">Voir les disponibilit\u00e9s<\/a>\n        <a class=\"btn-close-bf\" href=\"#\"><i class=\"fas fa-times\"><\/i><\/a>\n\n        <div id=\"booking-form\" class=\"booking-form\">\n\t<div class=\"container\">\n\t\t<div id=\"sb-container\"><\/div>\n\t\t<a id=\"bfPreventivo\" class=\"btn-booking\" href=\"https:\/\/laperla.ch\/it\/contatti\/\">Demander un devis<\/a>\n\t<\/div>\n<\/div>\n\n<script type=\"text\/javascript\">\n\tjQuery(window).load(function() {\n\t\t(function (i, s, o, g, r, a, m) {\n\t\t\t\ti['SBSyncroBoxParam'] = r; i[r] = i[r] || function () {\n\t\t\t\t\t\t(i[r].q = i[r].q || []).push(arguments)\n\t\t\t\t}, i[r].l = 1 * new Date(); a = s.createElement(o),\n\t\t\t\tm = s.getElementsByTagName(o)[0]; a.async = 1; a.src = g; m.parentNode.insertBefore(a, m)\n\t\t})(window, document, 'script', 'https:\/\/cdn.simplebooking.it\/search-box-script.axd?IDA=4547','SBSyncroBox');\n\n\t\tSBSyncroBox({\n\t\t\tCodLang: 'FR',\n\t\t\tAddresses: { HttpHost: \"https:\/\/www.simplebooking.it\" },\n\t\t\tStyles: {\n\t\t\t\tCustomColor: '#000',\t\/\/colore di tutti i testi interni ai campi\n\t\t\t\tCustomBGColor: '#f5c00000',\t\/\/Background color di tutto il blocco\n\t\t\t\tCustomFieldBackgroundColor: '#fff',\t\/\/Background singoli campi\n\t\t\t\tCustomButtonBGColor: '#FFA71F',\t\/\/Background bottone cerca\n\t\t\t\tCustomButtonHoverBGColor: '#FFA71F', \/\/Hover bottone cerca\n\t\t\t\tCustomIntentSelectionColor: '#000',\t\/\/Hover colore data calendario\n\t\t\t\tCustomCalendarBackgroundColor: '#fff',  \/\/Sfondo calendari\n\t\t\t\tCustomLabelColor: '#000', \/\/Colore label sopra ai campi\n\t\t\t\tCustomAccentColor: '#4497e9', \/\/Background range selezionato su calendario\n\t\t\t\tCustomAccentColorHover: '#1359a0', \/\/Background range selezionato su calendario on hover\n\t\t\t\tCustomWidgetBGColor: '#fff', \/\/Background adulti e camera\n\t\t\t\tCustomWidgetColor: '#000',\t\/\/Colore testo adulti e camera\n\t\t\t\tCustomLinkColor: '#000', \/\/'#4497e9', \/\/Colore testo link\n\t\t\t\tCustomBoxShadowColor: '#000',\n\t\t\t\tCustomAddRoomBoxShadowColor: '#fff',\n\t\t\t\tCustomIconColor: '#555555', \/\/'#4497e9',\t colore icone\n\t\t\t\tCustomLabelHoverColor: '#1359a0'\t\/\/hover label\n\t\t\t},\n\t\t\tReference: \"simplebookingQuote\",\n\t\t\tConverto: {\n\t\t\t\tInPageContainerId: \"simplebookingQuote\",\n\t\t\t\tStyles: {\n\t\t\t\t\tCustomBodyBGColor: \"transparent\",\n\t\t\t\t\tCustomBGColor: 'transparent'\n\t\t\t\t}\n\t\t\t}\n\t\t});\n\t});\n<\/script>\n\n<script type=\"text\/javascript\">\n\tjQuery( document ).ready(function() {\n\t\tvar checkExist = setInterval(function() {\n\t\t\tvar element = '#booking-form #sb-container .sb__footer';\n\t\t\tvar element_preventivo = '#bfPreventivo';\n\t\t\tvar container = '#booking-form #sb-container #sb-container_sb__form';\n\t\t\tif (jQuery(element).length) {\n\t\t\t\tjQuery(element_preventivo).appendTo(container);\n\t\t\t\tjQuery(element).appendTo(container);\n\t\t\t\tclearInterval(checkExist);\n\t\t\t}\n\t\t}, 100)\n\t});\n<\/script>        \n        <div class=\"freecanc\">\n            <p><i class=\"fas fa-thumbs-up\"><\/i><span>Annulation gratuite<\/span><\/p>\n            <p><i class=\"fas fa-thumbs-up\"><\/i><span>A 5 minutes \u00e0 pied du lac<\/span><\/p>\n            <p><i class=\"fas fa-thumbs-up\"><\/i><span>Billet Tessin inclus<\/span><\/p>\n        <\/div>\n    <\/div>\n<\/div>\n\n<script type=\"text\/javascript\">\n    jQuery(document).ready(function() {\n        var siteBookingForm = jQuery('.site-booking-form');\n        var bookingForm = jQuery('.site-booking-form .booking-form');\n        jQuery('.site-booking-form > a.btn-open-bf, .site-booking-form > a.btn-close-bf').on('click', function (e) {\n            e.preventDefault();\n            \n            siteBookingForm.toggleClass('open');\n            if (siteBookingForm.hasClass('open'))\n                bookingForm.slideDown();\n            else\n                bookingForm.slideUp();\n\n            return false;\n        });\n    });\n<\/script><\/div>\n\t\t\t\t\t\t<\/div>\n\t\t\t\t<\/div>\n\t\t\t\t<\/div>\n\t\t\t\t\t<\/div>\n\t\t\t\t<\/div>\n\t\t\t\t\t<\/div>\n\t\t\t\t<\/div>\n\t\t<div class=\"has_eae_slider elementor-element elementor-element-edd7118 e-flex e-con-boxed e-con e-parent\" data-eae-slider=\"79717\" data-id=\"edd7118\" data-element_type=\"container\" data-e-type=\"container\">\n\t\t\t\t\t<div class=\"e-con-inner\">\n\t\t\t\t<div class=\"elementor-element elementor-element-d53dc4c elementor-widget__width-initial elementor-widget elementor-widget-heading\" data-id=\"d53dc4c\" data-element_type=\"widget\" data-e-type=\"widget\" data-widget_type=\"heading.default\">\n\t\t\t\t<div class=\"elementor-widget-container\">\n\t\t\t\t\t<h2 class=\"elementor-heading-title elementor-size-default\">D\u00e9couvrez les offres de l'H\u00f4tel la Perla<\/h2>\t\t\t\t<\/div>\n\t\t\t\t<\/div>\n\t\t\t\t\t<\/div>\n\t\t\t\t<\/div>\n\t\t<div class=\"has_eae_slider elementor-element elementor-element-e35e3a1 e-flex e-con-boxed e-con e-parent\" data-eae-slider=\"99065\" data-id=\"e35e3a1\" data-element_type=\"container\" data-e-type=\"container\">\n\t\t\t\t\t<div class=\"e-con-inner\">\n\t\t\t\t<div class=\"elementor-element elementor-element-3ee4a41 elementor-grid-3 elementor-grid-tablet-2 elementor-grid-mobile-1 elementor-widget elementor-widget-loop-grid\" data-id=\"3ee4a41\" data-element_type=\"widget\" data-e-type=\"widget\" id=\"swiper-home-offers\" data-settings=\"{&quot;template_id&quot;:5681,&quot;columns&quot;:3,&quot;pagination_type&quot;:&quot;load_more_on_click&quot;,&quot;_skin&quot;:&quot;post&quot;,&quot;columns_tablet&quot;:&quot;2&quot;,&quot;columns_mobile&quot;:&quot;1&quot;,&quot;edit_handle_selector&quot;:&quot;[data-elementor-type=\\&quot;loop-item\\&quot;]&quot;,&quot;load_more_spinner&quot;:{&quot;value&quot;:&quot;fas fa-spinner&quot;,&quot;library&quot;:&quot;fa-solid&quot;},&quot;row_gap&quot;:{&quot;unit&quot;:&quot;px&quot;,&quot;size&quot;:&quot;&quot;,&quot;sizes&quot;:[]},&quot;row_gap_laptop&quot;:{&quot;unit&quot;:&quot;px&quot;,&quot;size&quot;:&quot;&quot;,&quot;sizes&quot;:[]},&quot;row_gap_tablet&quot;:{&quot;unit&quot;:&quot;px&quot;,&quot;size&quot;:&quot;&quot;,&quot;sizes&quot;:[]},&quot;row_gap_mobile&quot;:{&quot;unit&quot;:&quot;px&quot;,&quot;size&quot;:&quot;&quot;,&quot;sizes&quot;:[]}}\" data-widget_type=\"loop-grid.post\">\n\t\t\t\t<div class=\"elementor-widget-container\">\n\t\t\t\t\t\t\t<div class=\"e-loop-nothing-found-message\">\n\t\t<\/div>\n\t\t\t\t\t\t<\/div>\n\t\t\t\t<\/div>\n\t\t\t\t\t<\/div>\n\t\t\t\t<\/div>\n\t\t\t\t<\/div>\n\t\t","protected":false},"excerpt":{"rendered":"<p>Offres D\u00e9couvrez les offres de l&rsquo;H\u00f4tel la Perla<\/p>\n","protected":false},"author":1,"featured_media":4459,"parent":0,"menu_order":0,"comment_status":"closed","ping_status":"closed","template":"","meta":{"_acf_changed":false,"footnotes":""},"class_list":["post-5577","page","type-page","status-publish","has-post-thumbnail","hentry"],"acf":[],"yoast_head":"<!-- This site is optimized with the Yoast SEO plugin v26.0 - https:\/\/yoast.com\/wordpress\/plugins\/seo\/ -->\n<title>Offres sp\u00e9ciales - H\u00f4tel La Perla<\/title>\n<meta name=\"description\" content=\"Profitez des offres sp\u00e9ciales de l&#039;h\u00f4tel La Perla \u00e0 Ascona, pr\u00e8s du lac Majeur. Des forfaits exclusifs, des r\u00e9ductions saisonni\u00e8res et des promotions \u00e0 ne pas manquer pour rendre votre s\u00e9jour encore plus agr\u00e9able. R\u00e9servez maintenant et \u00e9conomisez.\" \/>\n<meta name=\"robots\" content=\"index, follow, max-snippet:-1, max-image-preview:large, max-video-preview:-1\" \/>\n<link rel=\"canonical\" href=\"https:\/\/laperla.ch\/fr\/offres\/\" \/>\n<meta property=\"og:locale\" content=\"fr_FR\" \/>\n<meta property=\"og:type\" content=\"article\" \/>\n<meta property=\"og:title\" content=\"Offres sp\u00e9ciales - H\u00f4tel La Perla\" \/>\n<meta property=\"og:description\" content=\"Profitez des offres sp\u00e9ciales de l&#039;h\u00f4tel La Perla \u00e0 Ascona, pr\u00e8s du lac Majeur. Des forfaits exclusifs, des r\u00e9ductions saisonni\u00e8res et des promotions \u00e0 ne pas manquer pour rendre votre s\u00e9jour encore plus agr\u00e9able. R\u00e9servez maintenant et \u00e9conomisez.\" \/>\n<meta property=\"og:url\" content=\"https:\/\/laperla.ch\/fr\/offres\/\" \/>\n<meta property=\"og:site_name\" content=\"Hotel La Perla\" \/>\n<meta property=\"article:modified_time\" content=\"2024-07-09T08:43:58+00:00\" \/>\n<meta property=\"og:image\" content=\"https:\/\/laperla.ch\/wp-content\/uploads\/2024\/07\/Un-uomo-e-una-donna-seduti-in-poltrone.webp\" \/>\n\t<meta property=\"og:image:width\" content=\"1620\" \/>\n\t<meta property=\"og:image:height\" content=\"1080\" \/>\n\t<meta property=\"og:image:type\" content=\"image\/webp\" \/>\n<meta name=\"twitter:card\" content=\"summary_large_image\" \/>\n<script type=\"application\/ld+json\" class=\"yoast-schema-graph\">{\"@context\":\"https:\/\/schema.org\",\"@graph\":[{\"@type\":\"WebPage\",\"@id\":\"https:\/\/laperla.ch\/fr\/offres\/\",\"url\":\"https:\/\/laperla.ch\/fr\/offres\/\",\"name\":\"Offres sp\u00e9ciales - H\u00f4tel La Perla\",\"isPartOf\":{\"@id\":\"https:\/\/laperla.ch\/fr\/#website\"},\"primaryImageOfPage\":{\"@id\":\"https:\/\/laperla.ch\/fr\/offres\/#primaryimage\"},\"image\":{\"@id\":\"https:\/\/laperla.ch\/fr\/offres\/#primaryimage\"},\"thumbnailUrl\":\"https:\/\/laperla.ch\/wp-content\/uploads\/2024\/07\/Un-uomo-e-una-donna-seduti-in-poltrone.webp\",\"datePublished\":\"2024-05-29T15:05:58+00:00\",\"dateModified\":\"2024-07-09T08:43:58+00:00\",\"description\":\"Profitez des offres sp\u00e9ciales de l'h\u00f4tel La Perla \u00e0 Ascona, pr\u00e8s du lac Majeur. Des forfaits exclusifs, des r\u00e9ductions saisonni\u00e8res et des promotions \u00e0 ne pas manquer pour rendre votre s\u00e9jour encore plus agr\u00e9able. R\u00e9servez maintenant et \u00e9conomisez.\",\"breadcrumb\":{\"@id\":\"https:\/\/laperla.ch\/fr\/offres\/#breadcrumb\"},\"inLanguage\":\"fr-FR\",\"potentialAction\":[{\"@type\":\"ReadAction\",\"target\":[\"https:\/\/laperla.ch\/fr\/offres\/\"]}]},{\"@type\":\"ImageObject\",\"inLanguage\":\"fr-FR\",\"@id\":\"https:\/\/laperla.ch\/fr\/offres\/#primaryimage\",\"url\":\"https:\/\/laperla.ch\/wp-content\/uploads\/2024\/07\/Un-uomo-e-una-donna-seduti-in-poltrone.webp\",\"contentUrl\":\"https:\/\/laperla.ch\/wp-content\/uploads\/2024\/07\/Un-uomo-e-una-donna-seduti-in-poltrone.webp\",\"width\":1620,\"height\":1080},{\"@type\":\"BreadcrumbList\",\"@id\":\"https:\/\/laperla.ch\/fr\/offres\/#breadcrumb\",\"itemListElement\":[{\"@type\":\"ListItem\",\"position\":1,\"name\":\"Home\",\"item\":\"https:\/\/laperla.ch\/fr\/\"},{\"@type\":\"ListItem\",\"position\":2,\"name\":\"Offres\"}]},{\"@type\":\"WebSite\",\"@id\":\"https:\/\/laperla.ch\/fr\/#website\",\"url\":\"https:\/\/laperla.ch\/fr\/\",\"name\":\"Hotel La Perla\",\"description\":\"\",\"potentialAction\":[{\"@type\":\"SearchAction\",\"target\":{\"@type\":\"EntryPoint\",\"urlTemplate\":\"https:\/\/laperla.ch\/fr\/?s={search_term_string}\"},\"query-input\":{\"@type\":\"PropertyValueSpecification\",\"valueRequired\":true,\"valueName\":\"search_term_string\"}}],\"inLanguage\":\"fr-FR\"}]}<\/script>\n<!-- \/ Yoast SEO plugin. -->","yoast_head_json":{"title":"Offres sp\u00e9ciales - H\u00f4tel La Perla","description":"Profitez des offres sp\u00e9ciales de l'h\u00f4tel La Perla \u00e0 Ascona, pr\u00e8s du lac Majeur. Des forfaits exclusifs, des r\u00e9ductions saisonni\u00e8res et des promotions \u00e0 ne pas manquer pour rendre votre s\u00e9jour encore plus agr\u00e9able. R\u00e9servez maintenant et \u00e9conomisez.","robots":{"index":"index","follow":"follow","max-snippet":"max-snippet:-1","max-image-preview":"max-image-preview:large","max-video-preview":"max-video-preview:-1"},"canonical":"https:\/\/laperla.ch\/fr\/offres\/","og_locale":"fr_FR","og_type":"article","og_title":"Offres sp\u00e9ciales - H\u00f4tel La Perla","og_description":"Profitez des offres sp\u00e9ciales de l'h\u00f4tel La Perla \u00e0 Ascona, pr\u00e8s du lac Majeur. Des forfaits exclusifs, des r\u00e9ductions saisonni\u00e8res et des promotions \u00e0 ne pas manquer pour rendre votre s\u00e9jour encore plus agr\u00e9able. R\u00e9servez maintenant et \u00e9conomisez.","og_url":"https:\/\/laperla.ch\/fr\/offres\/","og_site_name":"Hotel La Perla","article_modified_time":"2024-07-09T08:43:58+00:00","og_image":[{"width":1620,"height":1080,"url":"https:\/\/laperla.ch\/wp-content\/uploads\/2024\/07\/Un-uomo-e-una-donna-seduti-in-poltrone.webp","type":"image\/webp"}],"twitter_card":"summary_large_image","schema":{"@context":"https:\/\/schema.org","@graph":[{"@type":"WebPage","@id":"https:\/\/laperla.ch\/fr\/offres\/","url":"https:\/\/laperla.ch\/fr\/offres\/","name":"Offres sp\u00e9ciales - H\u00f4tel La Perla","isPartOf":{"@id":"https:\/\/laperla.ch\/fr\/#website"},"primaryImageOfPage":{"@id":"https:\/\/laperla.ch\/fr\/offres\/#primaryimage"},"image":{"@id":"https:\/\/laperla.ch\/fr\/offres\/#primaryimage"},"thumbnailUrl":"https:\/\/laperla.ch\/wp-content\/uploads\/2024\/07\/Un-uomo-e-una-donna-seduti-in-poltrone.webp","datePublished":"2024-05-29T15:05:58+00:00","dateModified":"2024-07-09T08:43:58+00:00","description":"Profitez des offres sp\u00e9ciales de l'h\u00f4tel La Perla \u00e0 Ascona, pr\u00e8s du lac Majeur. Des forfaits exclusifs, des r\u00e9ductions saisonni\u00e8res et des promotions \u00e0 ne pas manquer pour rendre votre s\u00e9jour encore plus agr\u00e9able. R\u00e9servez maintenant et \u00e9conomisez.","breadcrumb":{"@id":"https:\/\/laperla.ch\/fr\/offres\/#breadcrumb"},"inLanguage":"fr-FR","potentialAction":[{"@type":"ReadAction","target":["https:\/\/laperla.ch\/fr\/offres\/"]}]},{"@type":"ImageObject","inLanguage":"fr-FR","@id":"https:\/\/laperla.ch\/fr\/offres\/#primaryimage","url":"https:\/\/laperla.ch\/wp-content\/uploads\/2024\/07\/Un-uomo-e-una-donna-seduti-in-poltrone.webp","contentUrl":"https:\/\/laperla.ch\/wp-content\/uploads\/2024\/07\/Un-uomo-e-una-donna-seduti-in-poltrone.webp","width":1620,"height":1080},{"@type":"BreadcrumbList","@id":"https:\/\/laperla.ch\/fr\/offres\/#breadcrumb","itemListElement":[{"@type":"ListItem","position":1,"name":"Home","item":"https:\/\/laperla.ch\/fr\/"},{"@type":"ListItem","position":2,"name":"Offres"}]},{"@type":"WebSite","@id":"https:\/\/laperla.ch\/fr\/#website","url":"https:\/\/laperla.ch\/fr\/","name":"Hotel La Perla","description":"","potentialAction":[{"@type":"SearchAction","target":{"@type":"EntryPoint","urlTemplate":"https:\/\/laperla.ch\/fr\/?s={search_term_string}"},"query-input":{"@type":"PropertyValueSpecification","valueRequired":true,"valueName":"search_term_string"}}],"inLanguage":"fr-FR"}]}},"_links":{"self":[{"href":"https:\/\/laperla.ch\/fr\/wp-json\/wp\/v2\/pages\/5577","targetHints":{"allow":["GET"]}}],"collection":[{"href":"https:\/\/laperla.ch\/fr\/wp-json\/wp\/v2\/pages"}],"about":[{"href":"https:\/\/laperla.ch\/fr\/wp-json\/wp\/v2\/types\/page"}],"author":[{"embeddable":true,"href":"https:\/\/laperla.ch\/fr\/wp-json\/wp\/v2\/users\/1"}],"replies":[{"embeddable":true,"href":"https:\/\/laperla.ch\/fr\/wp-json\/wp\/v2\/comments?post=5577"}],"version-history":[{"count":0,"href":"https:\/\/laperla.ch\/fr\/wp-json\/wp\/v2\/pages\/5577\/revisions"}],"wp:featuredmedia":[{"embeddable":true,"href":"https:\/\/laperla.ch\/fr\/wp-json\/wp\/v2\/media\/4459"}],"wp:attachment":[{"href":"https:\/\/laperla.ch\/fr\/wp-json\/wp\/v2\/media?parent=5577"}],"curies":[{"name":"wp","href":"https:\/\/api.w.org\/{rel}","templated":true}]}}